{"id":35,"date":"2015-05-12T20:56:12","date_gmt":"2015-05-12T20:56:12","guid":{"rendered":"http:\/\/jornalismo.ufsj.edu.br\/van\/?page_id=35"},"modified":"2015-05-12T21:02:33","modified_gmt":"2015-05-12T21:02:33","slug":"escola-estadual-doutor-garcia-de-lima","status":"publish","type":"page","link":"http:\/\/jornalismo.ufsj.edu.br\/van\/escola-estadual-doutor-garcia-de-lima\/","title":{"rendered":"Edu &#8211; Escola Estadual Doutor Garcia de Lima"},"content":{"rendered":"<p><strong><br \/>\n<\/strong><strong>Garcia de Lima sedia a primeira vers\u00e3o do projeto Reinventando o Ensino M\u00e9dio<\/strong><\/p>\n<p>A E.E. Dr. Garcia de Lima recebe o piloto do projeto Reinventando o Ensino M\u00e9dio, na cidade de S\u00e3o Jo\u00e3o del-Rei. A iniciativa da Secretaria de Estado da Educa\u00e7\u00e3o de Minas Gerais \u00a0tem como intuito repensar o Ensino M\u00e9dio nas escolas estaduais mineiras e prop\u00f5e um curr\u00edculo mais integrado com o mercado de trabalho. Al\u00e9m das disciplinas tradicionais, os estudantes poder\u00e3o escolher uma \u00a0entre tr\u00eas op\u00e7\u00f5es voltadas para \u00e1reas de empregabilidade. Essas disciplinas n\u00e3o s\u00e3o profissionalizantes, mas refor\u00e7am a base de racioc\u00ednio e aprendizagem dos estudantes, aumentando a perspectiva para atua\u00e7\u00e3o no mercado de trabalho.<\/p>\n<p>Inicialmente implantado, em 2012, em 11 escolas de Belo Horizonte o projeto foi ampliado, atingindo 122 escolas em todas as regi\u00f5es de Minas Gerais. A estimativa \u00e9 de que no pr\u00f3ximo ano o projeto chegue a 2.164 escolas de do Estado.<\/p>\n","protected":false},"excerpt":{"rendered":"<p>Garcia de Lima sedia a primeira vers\u00e3o do projeto Reinventando o Ensino M\u00e9dio A E.E. Dr. Garcia de Lima recebe o piloto do projeto Reinventando o Ensino M\u00e9dio, na cidade<\/p>\n","protected":false},"author":2,"featured_media":0,"parent":0,"menu_order":0,"comment_status":"closed","ping_status":"closed","template":"","meta":{"_monsterinsights_skip_tracking":false,"_monsterinsights_sitenote_active":false,"_monsterinsights_sitenote_note":"","_monsterinsights_sitenote_category":0,"_themeisle_gutenberg_block_has_review":false,"cybocfi_hide_featured_image":"","footnotes":""},"class_list":["post-35","page","type-page","status-publish","hentry"],"_links":{"self":[{"href":"http:\/\/jornalismo.ufsj.edu.br\/van\/wp-json\/wp\/v2\/pages\/35","targetHints":{"allow":["GET"]}}],"collection":[{"href":"http:\/\/jornalismo.ufsj.edu.br\/van\/wp-json\/wp\/v2\/pages"}],"about":[{"href":"http:\/\/jornalismo.ufsj.edu.br\/van\/wp-json\/wp\/v2\/types\/page"}],"author":[{"embeddable":true,"href":"http:\/\/jornalismo.ufsj.edu.br\/van\/wp-json\/wp\/v2\/users\/2"}],"replies":[{"embeddable":true,"href":"http:\/\/jornalismo.ufsj.edu.br\/van\/wp-json\/wp\/v2\/comments?post=35"}],"version-history":[{"count":2,"href":"http:\/\/jornalismo.ufsj.edu.br\/van\/wp-json\/wp\/v2\/pages\/35\/revisions"}],"predecessor-version":[{"id":56,"href":"http:\/\/jornalismo.ufsj.edu.br\/van\/wp-json\/wp\/v2\/pages\/35\/revisions\/56"}],"wp:attachment":[{"href":"http:\/\/jornalismo.ufsj.edu.br\/van\/wp-json\/wp\/v2\/media?parent=35"}],"curies":[{"name":"wp","href":"https:\/\/api.w.org\/{rel}","templated":true}]}}