{"id":21,"date":"2015-05-12T20:51:32","date_gmt":"2015-05-12T20:51:32","guid":{"rendered":"http:\/\/jornalismo.ufsj.edu.br\/van\/?page_id=21"},"modified":"2015-05-12T21:03:39","modified_gmt":"2015-05-12T21:03:39","slug":"oficina-aguas-santas","status":"publish","type":"page","link":"http:\/\/jornalismo.ufsj.edu.br\/van\/oficina-aguas-santas\/","title":{"rendered":"Edu &#8211; Oficina \u00c1guas Santas"},"content":{"rendered":"<p><b style=\"color: grey; font-size: 14px;\">&nbsp;Oficina de Educomunica\u00e7\u00e3o: Doces e Travesseiros<\/b><br \/>\n<b style=\"color: orange; font-size: 14px;\">&nbsp;20\/08\/2014<\/b><br \/>\n<iframe loading=\"lazy\" allowfullscreen=\"\" frameborder=\"0\" height=\"345\" src=\"\/\/www.youtube.com\/embed\/w6G3dawF09Y\" width=\"540\"><\/iframe><\/p>\n<p><b style=\"color: grey; font-size: 14px;\">&nbsp;Oficina de Educomunica\u00e7\u00e3o: Balne\u00e1rio \u00c1guas Santas<\/b><br \/>\n<b style=\"color: orange; font-size: 14px;\">&nbsp;20\/08\/2014<\/b><br \/>\n<iframe loading=\"lazy\" allowfullscreen=\"\" frameborder=\"0\" height=\"345\" src=\"\/\/www.youtube.com\/embed\/3q6jLcJBiGc\" width=\"540\"><\/iframe><\/p>\n<p><b style=\"color: grey; font-size: 14px;\">&nbsp;Oficina de Educomunica\u00e7\u00e3o: Casa das \u00c1guas<\/b><br \/>\n<b style=\"color: orange; font-size: 14px;\">&nbsp;20\/08\/2014<\/b><br \/>\n<iframe loading=\"lazy\" allowfullscreen=\"\" frameborder=\"0\" height=\"345\" src=\"\/\/www.youtube.com\/embed\/9gY9-0j02NU\" width=\"540\"><\/iframe><\/p>\n","protected":false},"excerpt":{"rendered":"<p>&nbsp;Oficina de Educomunica\u00e7\u00e3o: Doces e Travesseiros &nbsp;20\/08\/2014 &nbsp;Oficina de Educomunica\u00e7\u00e3o: Balne\u00e1rio \u00c1guas Santas &nbsp;20\/08\/2014 &nbsp;Oficina de Educomunica\u00e7\u00e3o: Casa das \u00c1guas &nbsp;20\/08\/2014<\/p>\n","protected":false},"author":2,"featured_media":0,"parent":0,"menu_order":0,"comment_status":"closed","ping_status":"closed","template":"","meta":{"_monsterinsights_skip_tracking":false,"_monsterinsights_sitenote_active":false,"_monsterinsights_sitenote_note":"","_monsterinsights_sitenote_category":0,"_themeisle_gutenberg_block_has_review":false,"cybocfi_hide_featured_image":"","footnotes":""},"class_list":["post-21","page","type-page","status-publish","hentry"],"_links":{"self":[{"href":"http:\/\/jornalismo.ufsj.edu.br\/van\/wp-json\/wp\/v2\/pages\/21","targetHints":{"allow":["GET"]}}],"collection":[{"href":"http:\/\/jornalismo.ufsj.edu.br\/van\/wp-json\/wp\/v2\/pages"}],"about":[{"href":"http:\/\/jornalismo.ufsj.edu.br\/van\/wp-json\/wp\/v2\/types\/page"}],"author":[{"embeddable":true,"href":"http:\/\/jornalismo.ufsj.edu.br\/van\/wp-json\/wp\/v2\/users\/2"}],"replies":[{"embeddable":true,"href":"http:\/\/jornalismo.ufsj.edu.br\/van\/wp-json\/wp\/v2\/comments?post=21"}],"version-history":[{"count":2,"href":"http:\/\/jornalismo.ufsj.edu.br\/van\/wp-json\/wp\/v2\/pages\/21\/revisions"}],"predecessor-version":[{"id":63,"href":"http:\/\/jornalismo.ufsj.edu.br\/van\/wp-json\/wp\/v2\/pages\/21\/revisions\/63"}],"wp:attachment":[{"href":"http:\/\/jornalismo.ufsj.edu.br\/van\/wp-json\/wp\/v2\/media?parent=21"}],"curies":[{"name":"wp","href":"https:\/\/api.w.org\/{rel}","templated":true}]}}