{"id":745,"date":"2015-08-13T06:28:29","date_gmt":"2015-08-13T06:28:29","guid":{"rendered":"http:\/\/jornalismo.ufsj.edu.br\/?page_id=745"},"modified":"2019-10-15T00:24:18","modified_gmt":"2019-10-15T03:24:18","slug":"fotografia","status":"publish","type":"page","link":"http:\/\/jornalismo.ufsj.edu.br\/site\/fotografia\/","title":{"rendered":"Fotografia"},"content":{"rendered":"<p style=\"text-align: justify;\"><a href=\"http:\/\/jornalismo.ufsj.edu.br\/wp-content\/uploads\/2015\/08\/fotografia.jpg\"><img loading=\"lazy\" class=\"alignnone size-medium wp-image-746\" src=\"http:\/\/jornalismo.ufsj.edu.br\/wp-content\/uploads\/2015\/08\/fotografia.jpg?w=300\" alt=\"fotografia\" width=\"300\" height=\"98\" \/><\/a><br \/>\nOs Laborat\u00f3rio e Est\u00fadio de Fotografia s\u00e3o espa\u00e7os de ensino, pesquisa e produ\u00e7\u00e3o de linguagem fotogr\u00e1fica. T\u00eam como objetivo atender, prioritariamente, as disciplinas regulares do curso de Jornalismo: Fotojornalismo e Oficina de Jornalismo Impresso. Atendem tamb\u00e9m a demanda do Jornal Laborat\u00f3rio e as atividades de pesquisa e extens\u00e3o vinculadas ao curso de Jornalismo. Os Laborat\u00f3rio e Est\u00fadio s\u00e3o administrados pela professora de fotografia <a href=\"mainto:katialombardi@ufsj.edu.br\">K\u00e1tia Hallak Lombardi<\/a>\u00a0e pelo t\u00e9cnico do laborat\u00f3rio Marcius Vinicius Barcelos.<br \/>\n<strong><br \/>\n<\/strong> <strong>Local<\/strong>: sala 1.08 RE \u2013 Campus CTAN\/UFSJ<br \/>\n<strong>Hor\u00e1rios de atendimento<\/strong>: segunda a quinta-feira de 10 \u00e0s 18:30; sexta-feira de 10 \u00e0s 22:00.<br \/>\n<strong>Telefone:<\/strong> (32) 3373-3936<\/p>\n<p style=\"text-align: justify;\">As solicita\u00e7\u00f5es para uso de equipamentos port\u00e1teis do Laborat\u00f3rio de Fotografia, de disciplinas\u00a0n\u00e3o regulares do Laborat\u00f3rio, devem ser feitas atrav\u00e9s de\u00a0<strong><a href=\"https:\/\/drive.google.com\/file\/d\/1PaIt4z32TSuVIGQuQEgyzP_NTkko-Urg\/view?usp=sharing\">Termo de Empr\u00e9stimo<\/a>,\u00a0<\/strong>que deve ser assinado pelo professor orientador da atividade. Para uso dos computadores do Laborat\u00f3rio, \u00e9 preciso preencher o\u00a0<strong><a href=\"https:\/\/drive.google.com\/file\/d\/0ByP1dHgP4H6dZTF4SHpxNFlkUzg\/view?usp=sharing\">Requerimento para uso de computadores<\/a>.<\/strong><\/p>\n<p style=\"text-align: justify;\">Para mais informa\u00e7\u00f5es sobre empr\u00e9stimo de equipamentos, normas de uso e t\u00e9cnicas, acesse o\u00a0<strong><a href=\"https:\/\/drive.google.com\/file\/d\/0ByP1dHgP4H6dMEx1WTJLQ0dfdlE\/view?usp=sharing\">Regulamento do Laborat\u00f3rio e Est\u00fadio de Fotografia<\/a>\u00a0<\/strong>e o\u00a0<strong><a href=\"https:\/\/drive.google.com\/file\/d\/0BzN5IkiTTAieZTJHQ3Z1elh1SVU\/view\">Regulamento Geral dos Laborat\u00f3rios<\/a>\u00a0<\/strong>do curso de Comunica\u00e7\u00e3o Social &#8211; Jornalismo.<\/p>\n<p style=\"text-align: justify;\">\u00c9 aluno? Entre no <strong><a href=\"https:\/\/www.facebook.com\/groups\/labfotoufsj\/\">grupo do Laborat\u00f3rio no Facebook<\/a><\/strong>.<\/p>\n","protected":false},"excerpt":{"rendered":"<p>Os Laborat\u00f3rio e Est\u00fadio de Fotografia s\u00e3o espa\u00e7os de ensino, pesquisa e produ\u00e7\u00e3o de linguagem fotogr\u00e1fica. T\u00eam como objetivo atender, prioritariamente, as disciplinas regulares do curso de Jornalismo: Fotojornalismo e Oficina de Jornalismo Impresso. Atendem tamb\u00e9m a demanda do Jornal&#8230;<\/p>\n","protected":false},"author":3,"featured_media":0,"parent":0,"menu_order":0,"comment_status":"open","ping_status":"open","template":"","meta":{"_monsterinsights_skip_tracking":false,"_monsterinsights_sitenote_active":false,"_monsterinsights_sitenote_note":"","_monsterinsights_sitenote_category":0},"yoast_head":"<!-- This site is optimized with the Yoast SEO plugin v20.6 - https:\/\/yoast.com\/wordpress\/plugins\/seo\/ -->\n<title>Fotografia - Jornalismo UFSJ<\/title>\n<meta name=\"robots\" content=\"index, follow, max-snippet:-1, max-image-preview:large, max-video-preview:-1\" \/>\n<link rel=\"canonical\" href=\"http:\/\/anu.ufsj.edu.br\/site\/fotografia\/\" \/>\n<meta property=\"og:locale\" content=\"pt_BR\" \/>\n<meta property=\"og:type\" content=\"article\" \/>\n<meta property=\"og:title\" content=\"Fotografia - Jornalismo UFSJ\" \/>\n<meta property=\"og:description\" content=\"Os Laborat\u00f3rio e Est\u00fadio de Fotografia s\u00e3o espa\u00e7os de ensino, pesquisa e produ\u00e7\u00e3o de linguagem fotogr\u00e1fica. T\u00eam como objetivo atender, prioritariamente, as disciplinas regulares do curso de Jornalismo: Fotojornalismo e Oficina de Jornalismo Impresso. Atendem tamb\u00e9m a demanda do Jornal...\" \/>\n<meta property=\"og:url\" content=\"http:\/\/anu.ufsj.edu.br\/site\/fotografia\/\" \/>\n<meta property=\"og:site_name\" content=\"Jornalismo UFSJ\" \/>\n<meta property=\"article:publisher\" content=\"https:\/\/www.facebook.com\/jornalismoufsj\/\" \/>\n<meta property=\"article:modified_time\" content=\"2019-10-15T03:24:18+00:00\" \/>\n<meta property=\"og:image\" content=\"http:\/\/jornalismo.ufsj.edu.br\/wp-content\/uploads\/2015\/08\/fotografia.jpg?w=300\" \/>\n<meta name=\"twitter:card\" content=\"summary_large_image\" \/>\n<meta name=\"twitter:site\" content=\"@jornalismoufsj\" \/>\n<meta name=\"twitter:label1\" content=\"Est. tempo de leitura\" \/>\n\t<meta name=\"twitter:data1\" content=\"1 minuto\" \/>\n<script type=\"application\/ld+json\" class=\"yoast-schema-graph\">{\"@context\":\"https:\/\/schema.org\",\"@graph\":[{\"@type\":\"WebPage\",\"@id\":\"http:\/\/anu.ufsj.edu.br\/site\/fotografia\/\",\"url\":\"http:\/\/anu.ufsj.edu.br\/site\/fotografia\/\",\"name\":\"Fotografia - Jornalismo UFSJ\",\"isPartOf\":{\"@id\":\"https:\/\/jornalismo.ufsj.edu.br\/site\/#website\"},\"datePublished\":\"2015-08-13T06:28:29+00:00\",\"dateModified\":\"2019-10-15T03:24:18+00:00\",\"breadcrumb\":{\"@id\":\"http:\/\/anu.ufsj.edu.br\/site\/fotografia\/#breadcrumb\"},\"inLanguage\":\"pt-BR\",\"potentialAction\":[{\"@type\":\"ReadAction\",\"target\":[\"http:\/\/anu.ufsj.edu.br\/site\/fotografia\/\"]}]},{\"@type\":\"BreadcrumbList\",\"@id\":\"http:\/\/anu.ufsj.edu.br\/site\/fotografia\/#breadcrumb\",\"itemListElement\":[{\"@type\":\"ListItem\",\"position\":1,\"name\":\"In\u00edcio\",\"item\":\"https:\/\/jornalismo.ufsj.edu.br\/site\/\"},{\"@type\":\"ListItem\",\"position\":2,\"name\":\"Fotografia\"}]},{\"@type\":\"WebSite\",\"@id\":\"https:\/\/jornalismo.ufsj.edu.br\/site\/#website\",\"url\":\"https:\/\/jornalismo.ufsj.edu.br\/site\/\",\"name\":\"Jornalismo UFSJ\",\"description\":\"\",\"potentialAction\":[{\"@type\":\"SearchAction\",\"target\":{\"@type\":\"EntryPoint\",\"urlTemplate\":\"https:\/\/jornalismo.ufsj.edu.br\/site\/?s={search_term_string}\"},\"query-input\":\"required name=search_term_string\"}],\"inLanguage\":\"pt-BR\"}]}<\/script>\n<!-- \/ Yoast SEO plugin. -->","yoast_head_json":{"title":"Fotografia - Jornalismo UFSJ","robots":{"index":"index","follow":"follow","max-snippet":"max-snippet:-1","max-image-preview":"max-image-preview:large","max-video-preview":"max-video-preview:-1"},"canonical":"http:\/\/anu.ufsj.edu.br\/site\/fotografia\/","og_locale":"pt_BR","og_type":"article","og_title":"Fotografia - Jornalismo UFSJ","og_description":"Os Laborat\u00f3rio e Est\u00fadio de Fotografia s\u00e3o espa\u00e7os de ensino, pesquisa e produ\u00e7\u00e3o de linguagem fotogr\u00e1fica. T\u00eam como objetivo atender, prioritariamente, as disciplinas regulares do curso de Jornalismo: Fotojornalismo e Oficina de Jornalismo Impresso. Atendem tamb\u00e9m a demanda do Jornal...","og_url":"http:\/\/anu.ufsj.edu.br\/site\/fotografia\/","og_site_name":"Jornalismo UFSJ","article_publisher":"https:\/\/www.facebook.com\/jornalismoufsj\/","article_modified_time":"2019-10-15T03:24:18+00:00","og_image":[{"url":"http:\/\/jornalismo.ufsj.edu.br\/wp-content\/uploads\/2015\/08\/fotografia.jpg?w=300"}],"twitter_card":"summary_large_image","twitter_site":"@jornalismoufsj","twitter_misc":{"Est. tempo de leitura":"1 minuto"},"schema":{"@context":"https:\/\/schema.org","@graph":[{"@type":"WebPage","@id":"http:\/\/anu.ufsj.edu.br\/site\/fotografia\/","url":"http:\/\/anu.ufsj.edu.br\/site\/fotografia\/","name":"Fotografia - Jornalismo UFSJ","isPartOf":{"@id":"https:\/\/jornalismo.ufsj.edu.br\/site\/#website"},"datePublished":"2015-08-13T06:28:29+00:00","dateModified":"2019-10-15T03:24:18+00:00","breadcrumb":{"@id":"http:\/\/anu.ufsj.edu.br\/site\/fotografia\/#breadcrumb"},"inLanguage":"pt-BR","potentialAction":[{"@type":"ReadAction","target":["http:\/\/anu.ufsj.edu.br\/site\/fotografia\/"]}]},{"@type":"BreadcrumbList","@id":"http:\/\/anu.ufsj.edu.br\/site\/fotografia\/#breadcrumb","itemListElement":[{"@type":"ListItem","position":1,"name":"In\u00edcio","item":"https:\/\/jornalismo.ufsj.edu.br\/site\/"},{"@type":"ListItem","position":2,"name":"Fotografia"}]},{"@type":"WebSite","@id":"https:\/\/jornalismo.ufsj.edu.br\/site\/#website","url":"https:\/\/jornalismo.ufsj.edu.br\/site\/","name":"Jornalismo UFSJ","description":"","potentialAction":[{"@type":"SearchAction","target":{"@type":"EntryPoint","urlTemplate":"https:\/\/jornalismo.ufsj.edu.br\/site\/?s={search_term_string}"},"query-input":"required name=search_term_string"}],"inLanguage":"pt-BR"}]}},"_links":{"self":[{"href":"http:\/\/jornalismo.ufsj.edu.br\/site\/wp-json\/wp\/v2\/pages\/745"}],"collection":[{"href":"http:\/\/jornalismo.ufsj.edu.br\/site\/wp-json\/wp\/v2\/pages"}],"about":[{"href":"http:\/\/jornalismo.ufsj.edu.br\/site\/wp-json\/wp\/v2\/types\/page"}],"author":[{"embeddable":true,"href":"http:\/\/jornalismo.ufsj.edu.br\/site\/wp-json\/wp\/v2\/users\/3"}],"replies":[{"embeddable":true,"href":"http:\/\/jornalismo.ufsj.edu.br\/site\/wp-json\/wp\/v2\/comments?post=745"}],"version-history":[{"count":4,"href":"http:\/\/jornalismo.ufsj.edu.br\/site\/wp-json\/wp\/v2\/pages\/745\/revisions"}],"predecessor-version":[{"id":6785,"href":"http:\/\/jornalismo.ufsj.edu.br\/site\/wp-json\/wp\/v2\/pages\/745\/revisions\/6785"}],"wp:attachment":[{"href":"http:\/\/jornalismo.ufsj.edu.br\/site\/wp-json\/wp\/v2\/media?parent=745"}],"curies":[{"name":"wp","href":"https:\/\/api.w.org\/{rel}","templated":true}]}}